{"id":3232,"date":"2026-02-09T18:31:09","date_gmt":"2026-02-09T17:31:09","guid":{"rendered":"https:\/\/polygon-one.com\/?page_id=3232"},"modified":"2026-02-09T18:34:27","modified_gmt":"2026-02-09T17:34:27","slug":"eudr-blog-artikel","status":"publish","type":"page","link":"https:\/\/polygon-one.com\/de\/eudr-blog-artikel\/","title":{"rendered":"EUDR Artikel"},"content":{"rendered":"\t\t<div data-elementor-type=\"wp-page\" data-elementor-id=\"3232\" class=\"elementor elementor-3232\" data-elementor-post-type=\"page\">\n\t\t\t\t<div class=\"elementor-element elementor-element-undefined-26a89ed e-flex e-con-boxed e-con e-parent\" data-id=\"undefined-26a89ed\" data-element_type=\"container\" data-e-type=\"container\">\n\t\t\t\t\t<div class=\"e-con-inner\">\n\t\t<div class=\"elementor-element elementor-element-8d76aa3 e-con-full e-flex e-con e-child\" data-id=\"8d76aa3\" data-element_type=\"container\" data-e-type=\"container\">\n\t\t\t\t<div class=\"elementor-element elementor-element-08b01d0 elementor-widget elementor-widget-heading\" data-id=\"08b01d0\" data-element_type=\"widget\" data-e-type=\"widget\" data-widget_type=\"heading.default\">\n\t\t\t\t<div class=\"elementor-widget-container\">\n\t\t\t\t\t<h2 class=\"elementor-heading-title elementor-size-default\">Alles zur EUDR:<\/h2>\t\t\t\t<\/div>\n\t\t\t\t<\/div>\n\t\t\t\t<\/div>\n\t\t\t\t<div class=\"elementor-element elementor-element-undefined-257e625 elementor-grid-tablet-3 elementor-grid-3 elementor-grid-mobile-1 elementor-posts--thumbnail-top elementor-widget elementor-widget-posts\" data-id=\"undefined-257e625\" data-element_type=\"widget\" data-e-type=\"widget\" data-settings=\"{&quot;classic_columns_tablet&quot;:&quot;3&quot;,&quot;classic_columns&quot;:&quot;3&quot;,&quot;classic_columns_mobile&quot;:&quot;1&quot;,&quot;classic_row_gap&quot;:{&quot;unit&quot;:&quot;px&quot;,&quot;size&quot;:35,&quot;sizes&quot;:[]},&quot;classic_row_gap_laptop&quot;:{&quot;unit&quot;:&quot;px&quot;,&quot;size&quot;:&quot;&quot;,&quot;sizes&quot;:[]},&quot;classic_row_gap_tablet&quot;:{&quot;unit&quot;:&quot;px&quot;,&quot;size&quot;:&quot;&quot;,&quot;sizes&quot;:[]},&quot;classic_row_gap_mobile&quot;:{&quot;unit&quot;:&quot;px&quot;,&quot;size&quot;:&quot;&quot;,&quot;sizes&quot;:[]}}\" data-widget_type=\"posts.classic\">\n\t\t\t\t<div class=\"elementor-widget-container\">\n\t\t\t\t\t\t\t<div class=\"elementor-posts-container elementor-posts elementor-posts--skin-classic elementor-grid\" role=\"list\">\n\t\t\t\t<article class=\"elementor-post elementor-grid-item post-3179 post type-post status-publish format-standard has-post-thumbnail hentry category-uncategorised\" role=\"listitem\">\n\t\t\t\t<a class=\"elementor-post__thumbnail__link\" href=\"https:\/\/polygon-one.com\/de\/wer-ist-von-der-eudr-betroffen-2026\/\" tabindex=\"-1\" >\n\t\t\t<div class=\"elementor-post__thumbnail\"><img fetchpriority=\"high\" decoding=\"async\" width=\"800\" height=\"450\" src=\"https:\/\/polygon-one.com\/wp-content\/uploads\/2026\/01\/daniel-r-BF0SLkAzUhI-unsplash-1024x576.jpg\" class=\"attachment-large size-large wp-image-3182\" alt=\"\" srcset=\"https:\/\/polygon-one.com\/wp-content\/uploads\/2026\/01\/daniel-r-BF0SLkAzUhI-unsplash-1024x576.jpg 1024w, https:\/\/polygon-one.com\/wp-content\/uploads\/2026\/01\/daniel-r-BF0SLkAzUhI-unsplash-300x169.jpg 300w, https:\/\/polygon-one.com\/wp-content\/uploads\/2026\/01\/daniel-r-BF0SLkAzUhI-unsplash-768x432.jpg 768w, https:\/\/polygon-one.com\/wp-content\/uploads\/2026\/01\/daniel-r-BF0SLkAzUhI-unsplash-1536x864.jpg 1536w, https:\/\/polygon-one.com\/wp-content\/uploads\/2026\/01\/daniel-r-BF0SLkAzUhI-unsplash-2048x1152.jpg 2048w\" sizes=\"(max-width: 800px) 100vw, 800px\" \/><\/div>\n\t\t<\/a>\n\t\t\t\t<div class=\"elementor-post__text\">\n\t\t\t\t<h3 class=\"elementor-post__title\">\n\t\t\t<a href=\"https:\/\/polygon-one.com\/de\/wer-ist-von-der-eudr-betroffen-2026\/\" >\n\t\t\t\tWer ist 2026 von der EUDR betroffen?\t\t\t<\/a>\n\t\t<\/h3>\n\t\t\t\t<div class=\"elementor-post__meta-data\">\n\t\t\t\t\t<span class=\"elementor-post-date\">\n\t\t\t31. Januar 2026\t\t<\/span>\n\t\t\t\t<\/div>\n\t\t\n\t\t<a class=\"elementor-post__read-more\" href=\"https:\/\/polygon-one.com\/de\/wer-ist-von-der-eudr-betroffen-2026\/\" aria-label=\"Mehr \u00fcber Wer ist 2026 von der EUDR betroffen?\" tabindex=\"-1\" >\n\t\t\tZum Artikel \u00bb\t\t<\/a>\n\n\t\t\t\t<\/div>\n\t\t\t\t<\/article>\n\t\t\t\t<article class=\"elementor-post elementor-grid-item post-3167 post type-post status-publish format-standard has-post-thumbnail hentry category-uncategorised\" role=\"listitem\">\n\t\t\t\t<a class=\"elementor-post__thumbnail__link\" href=\"https:\/\/polygon-one.com\/de\/eudr-benchmarking-system-risikokategorien-pflichten-2026\/\" tabindex=\"-1\" >\n\t\t\t<div class=\"elementor-post__thumbnail\"><img decoding=\"async\" width=\"800\" height=\"522\" src=\"https:\/\/polygon-one.com\/wp-content\/uploads\/2026\/01\/alexandre-lallemand-Pcs3mOL14Sk-unsplash-1024x668.jpg\" class=\"attachment-large size-large wp-image-3168\" alt=\"\" srcset=\"https:\/\/polygon-one.com\/wp-content\/uploads\/2026\/01\/alexandre-lallemand-Pcs3mOL14Sk-unsplash-1024x668.jpg 1024w, https:\/\/polygon-one.com\/wp-content\/uploads\/2026\/01\/alexandre-lallemand-Pcs3mOL14Sk-unsplash-300x196.jpg 300w, https:\/\/polygon-one.com\/wp-content\/uploads\/2026\/01\/alexandre-lallemand-Pcs3mOL14Sk-unsplash-768x501.jpg 768w, https:\/\/polygon-one.com\/wp-content\/uploads\/2026\/01\/alexandre-lallemand-Pcs3mOL14Sk-unsplash-1536x1002.jpg 1536w, https:\/\/polygon-one.com\/wp-content\/uploads\/2026\/01\/alexandre-lallemand-Pcs3mOL14Sk-unsplash-2048x1336.jpg 2048w\" sizes=\"(max-width: 800px) 100vw, 800px\" \/><\/div>\n\t\t<\/a>\n\t\t\t\t<div class=\"elementor-post__text\">\n\t\t\t\t<h3 class=\"elementor-post__title\">\n\t\t\t<a href=\"https:\/\/polygon-one.com\/de\/eudr-benchmarking-system-risikokategorien-pflichten-2026\/\" >\n\t\t\t\tEUDR Benchmarking-System: Risikokategorien und Pflichten 2026\t\t\t<\/a>\n\t\t<\/h3>\n\t\t\t\t<div class=\"elementor-post__meta-data\">\n\t\t\t\t\t<span class=\"elementor-post-date\">\n\t\t\t31. Januar 2026\t\t<\/span>\n\t\t\t\t<\/div>\n\t\t\n\t\t<a class=\"elementor-post__read-more\" href=\"https:\/\/polygon-one.com\/de\/eudr-benchmarking-system-risikokategorien-pflichten-2026\/\" aria-label=\"Mehr \u00fcber EUDR Benchmarking-System: Risikokategorien und Pflichten 2026\" tabindex=\"-1\" >\n\t\t\tZum Artikel \u00bb\t\t<\/a>\n\n\t\t\t\t<\/div>\n\t\t\t\t<\/article>\n\t\t\t\t<article class=\"elementor-post elementor-grid-item post-3145 post type-post status-publish format-standard has-post-thumbnail hentry category-uncategorised\" role=\"listitem\">\n\t\t\t\t<a class=\"elementor-post__thumbnail__link\" href=\"https:\/\/polygon-one.com\/de\/vorlage-eudr-sorgfaltspflichterklarung\/\" tabindex=\"-1\" >\n\t\t\t<div class=\"elementor-post__thumbnail\"><img decoding=\"async\" width=\"800\" height=\"444\" src=\"https:\/\/polygon-one.com\/wp-content\/uploads\/2026\/01\/Bildschirmfoto-2026-01-31-um-17.16.38-1024x568.png\" class=\"attachment-large size-large wp-image-3162\" alt=\"\" srcset=\"https:\/\/polygon-one.com\/wp-content\/uploads\/2026\/01\/Bildschirmfoto-2026-01-31-um-17.16.38-1024x568.png 1024w, https:\/\/polygon-one.com\/wp-content\/uploads\/2026\/01\/Bildschirmfoto-2026-01-31-um-17.16.38-300x166.png 300w, https:\/\/polygon-one.com\/wp-content\/uploads\/2026\/01\/Bildschirmfoto-2026-01-31-um-17.16.38-768x426.png 768w, https:\/\/polygon-one.com\/wp-content\/uploads\/2026\/01\/Bildschirmfoto-2026-01-31-um-17.16.38-1536x851.png 1536w, https:\/\/polygon-one.com\/wp-content\/uploads\/2026\/01\/Bildschirmfoto-2026-01-31-um-17.16.38.png 1602w\" sizes=\"(max-width: 800px) 100vw, 800px\" \/><\/div>\n\t\t<\/a>\n\t\t\t\t<div class=\"elementor-post__text\">\n\t\t\t\t<h3 class=\"elementor-post__title\">\n\t\t\t<a href=\"https:\/\/polygon-one.com\/de\/vorlage-eudr-sorgfaltspflichterklarung\/\" >\n\t\t\t\tVorlage f\u00fcr die Sorgfaltspflicht-Erkl\u00e4rung \u2013 gibt es eine?\t\t\t<\/a>\n\t\t<\/h3>\n\t\t\t\t<div class=\"elementor-post__meta-data\">\n\t\t\t\t\t<span class=\"elementor-post-date\">\n\t\t\t31. Januar 2026\t\t<\/span>\n\t\t\t\t<\/div>\n\t\t\n\t\t<a class=\"elementor-post__read-more\" href=\"https:\/\/polygon-one.com\/de\/vorlage-eudr-sorgfaltspflichterklarung\/\" aria-label=\"Mehr \u00fcber Vorlage f\u00fcr die Sorgfaltspflicht-Erkl\u00e4rung \u2013 gibt es eine?\" tabindex=\"-1\" >\n\t\t\tZum Artikel \u00bb\t\t<\/a>\n\n\t\t\t\t<\/div>\n\t\t\t\t<\/article>\n\t\t\t\t<article class=\"elementor-post elementor-grid-item post-3137 post type-post status-publish format-standard has-post-thumbnail hentry category-uncategorised\" role=\"listitem\">\n\t\t\t\t<a class=\"elementor-post__thumbnail__link\" href=\"https:\/\/polygon-one.com\/de\/wie-wirkt-sich-eudr-auf-papierindustrie-aus\/\" tabindex=\"-1\" >\n\t\t\t<div class=\"elementor-post__thumbnail\"><img loading=\"lazy\" decoding=\"async\" width=\"800\" height=\"532\" src=\"https:\/\/polygon-one.com\/wp-content\/uploads\/2026\/01\/jen-theodore-qybUrqKmFQw-unsplash-1024x681.jpg\" class=\"attachment-large size-large wp-image-3138\" alt=\"\" srcset=\"https:\/\/polygon-one.com\/wp-content\/uploads\/2026\/01\/jen-theodore-qybUrqKmFQw-unsplash-1024x681.jpg 1024w, https:\/\/polygon-one.com\/wp-content\/uploads\/2026\/01\/jen-theodore-qybUrqKmFQw-unsplash-300x199.jpg 300w, https:\/\/polygon-one.com\/wp-content\/uploads\/2026\/01\/jen-theodore-qybUrqKmFQw-unsplash-768x511.jpg 768w, https:\/\/polygon-one.com\/wp-content\/uploads\/2026\/01\/jen-theodore-qybUrqKmFQw-unsplash-1536x1021.jpg 1536w, https:\/\/polygon-one.com\/wp-content\/uploads\/2026\/01\/jen-theodore-qybUrqKmFQw-unsplash-2048x1362.jpg 2048w\" sizes=\"(max-width: 800px) 100vw, 800px\" \/><\/div>\n\t\t<\/a>\n\t\t\t\t<div class=\"elementor-post__text\">\n\t\t\t\t<h3 class=\"elementor-post__title\">\n\t\t\t<a href=\"https:\/\/polygon-one.com\/de\/wie-wirkt-sich-eudr-auf-papierindustrie-aus\/\" >\n\t\t\t\tEUDR 2026: Auswirkungen auf die Papierindustrie\t\t\t<\/a>\n\t\t<\/h3>\n\t\t\t\t<div class=\"elementor-post__meta-data\">\n\t\t\t\t\t<span class=\"elementor-post-date\">\n\t\t\t31. Januar 2026\t\t<\/span>\n\t\t\t\t<\/div>\n\t\t\n\t\t<a class=\"elementor-post__read-more\" href=\"https:\/\/polygon-one.com\/de\/wie-wirkt-sich-eudr-auf-papierindustrie-aus\/\" aria-label=\"Mehr \u00fcber EUDR 2026: Auswirkungen auf die Papierindustrie\" tabindex=\"-1\" >\n\t\t\tZum Artikel \u00bb\t\t<\/a>\n\n\t\t\t\t<\/div>\n\t\t\t\t<\/article>\n\t\t\t\t<article class=\"elementor-post elementor-grid-item post-2983 post type-post status-publish format-standard has-post-thumbnail hentry category-uncategorised\" role=\"listitem\">\n\t\t\t\t<a class=\"elementor-post__thumbnail__link\" href=\"https:\/\/polygon-one.com\/de\/eudr-europaisches-parlament-stimmt-fuer-verschiebung\/\" tabindex=\"-1\" >\n\t\t\t<div class=\"elementor-post__thumbnail\"><img loading=\"lazy\" decoding=\"async\" width=\"800\" height=\"533\" src=\"https:\/\/polygon-one.com\/wp-content\/uploads\/2025\/11\/frederic-koberl-x_0hW-KaCgI-unsplash-1024x682.jpg\" class=\"attachment-large size-large wp-image-2984\" alt=\"\" srcset=\"https:\/\/polygon-one.com\/wp-content\/uploads\/2025\/11\/frederic-koberl-x_0hW-KaCgI-unsplash-1024x682.jpg 1024w, https:\/\/polygon-one.com\/wp-content\/uploads\/2025\/11\/frederic-koberl-x_0hW-KaCgI-unsplash-300x200.jpg 300w, https:\/\/polygon-one.com\/wp-content\/uploads\/2025\/11\/frederic-koberl-x_0hW-KaCgI-unsplash-768x511.jpg 768w, https:\/\/polygon-one.com\/wp-content\/uploads\/2025\/11\/frederic-koberl-x_0hW-KaCgI-unsplash-1536x1022.jpg 1536w, https:\/\/polygon-one.com\/wp-content\/uploads\/2025\/11\/frederic-koberl-x_0hW-KaCgI-unsplash-2048x1363.jpg 2048w\" sizes=\"(max-width: 800px) 100vw, 800px\" \/><\/div>\n\t\t<\/a>\n\t\t\t\t<div class=\"elementor-post__text\">\n\t\t\t\t<h3 class=\"elementor-post__title\">\n\t\t\t<a href=\"https:\/\/polygon-one.com\/de\/eudr-europaisches-parlament-stimmt-fuer-verschiebung\/\" >\n\t\t\t\tEUDR: Europ\u00e4isches Parlament stimmt f\u00fcr Verschiebung und Vereinfachungen\t\t\t<\/a>\n\t\t<\/h3>\n\t\t\t\t<div class=\"elementor-post__meta-data\">\n\t\t\t\t\t<span class=\"elementor-post-date\">\n\t\t\t27. November 2025\t\t<\/span>\n\t\t\t\t<\/div>\n\t\t\n\t\t<a class=\"elementor-post__read-more\" href=\"https:\/\/polygon-one.com\/de\/eudr-europaisches-parlament-stimmt-fuer-verschiebung\/\" aria-label=\"Mehr \u00fcber EUDR: Europ\u00e4isches Parlament stimmt f\u00fcr Verschiebung und Vereinfachungen\" tabindex=\"-1\" >\n\t\t\tZum Artikel \u00bb\t\t<\/a>\n\n\t\t\t\t<\/div>\n\t\t\t\t<\/article>\n\t\t\t\t<article class=\"elementor-post elementor-grid-item post-2953 post type-post status-publish format-standard has-post-thumbnail hentry category-uncategorised\" role=\"listitem\">\n\t\t\t\t<a class=\"elementor-post__thumbnail__link\" href=\"https:\/\/polygon-one.com\/de\/eudr-news-wie-geht-es-weiter\/\" tabindex=\"-1\" >\n\t\t\t<div class=\"elementor-post__thumbnail\"><img loading=\"lazy\" decoding=\"async\" width=\"800\" height=\"534\" src=\"https:\/\/polygon-one.com\/wp-content\/uploads\/2025\/11\/guillaume-perigois-0NRkVddA2fw-unsplash-1024x683.jpg\" class=\"attachment-large size-large wp-image-2954\" alt=\"\" srcset=\"https:\/\/polygon-one.com\/wp-content\/uploads\/2025\/11\/guillaume-perigois-0NRkVddA2fw-unsplash-1024x683.jpg 1024w, https:\/\/polygon-one.com\/wp-content\/uploads\/2025\/11\/guillaume-perigois-0NRkVddA2fw-unsplash-300x200.jpg 300w, https:\/\/polygon-one.com\/wp-content\/uploads\/2025\/11\/guillaume-perigois-0NRkVddA2fw-unsplash-768x512.jpg 768w, https:\/\/polygon-one.com\/wp-content\/uploads\/2025\/11\/guillaume-perigois-0NRkVddA2fw-unsplash-1536x1024.jpg 1536w, https:\/\/polygon-one.com\/wp-content\/uploads\/2025\/11\/guillaume-perigois-0NRkVddA2fw-unsplash-2048x1366.jpg 2048w\" sizes=\"(max-width: 800px) 100vw, 800px\" \/><\/div>\n\t\t<\/a>\n\t\t\t\t<div class=\"elementor-post__text\">\n\t\t\t\t<h3 class=\"elementor-post__title\">\n\t\t\t<a href=\"https:\/\/polygon-one.com\/de\/eudr-news-wie-geht-es-weiter\/\" >\n\t\t\t\tEUDR News: Politische Blockaden, wachsender Druck und ein immer engerer Zeitplan\t\t\t<\/a>\n\t\t<\/h3>\n\t\t\t\t<div class=\"elementor-post__meta-data\">\n\t\t\t\t\t<span class=\"elementor-post-date\">\n\t\t\t18. November 2025\t\t<\/span>\n\t\t\t\t<\/div>\n\t\t\n\t\t<a class=\"elementor-post__read-more\" href=\"https:\/\/polygon-one.com\/de\/eudr-news-wie-geht-es-weiter\/\" aria-label=\"Mehr \u00fcber EUDR News: Politische Blockaden, wachsender Druck und ein immer engerer Zeitplan\" tabindex=\"-1\" >\n\t\t\tZum Artikel \u00bb\t\t<\/a>\n\n\t\t\t\t<\/div>\n\t\t\t\t<\/article>\n\t\t\t\t<article class=\"elementor-post elementor-grid-item post-2520 post type-post status-publish format-standard has-post-thumbnail hentry category-uncategorised\" role=\"listitem\">\n\t\t\t\t<a class=\"elementor-post__thumbnail__link\" href=\"https:\/\/polygon-one.com\/de\/eudr-kommt-die-verschiebung\/\" tabindex=\"-1\" >\n\t\t\t<div class=\"elementor-post__thumbnail\"><img loading=\"lazy\" decoding=\"async\" width=\"800\" height=\"600\" src=\"https:\/\/polygon-one.com\/wp-content\/uploads\/2025\/11\/waren-brasse-IzCUWUi_j8I-unsplash-1024x768.jpg\" class=\"attachment-large size-large wp-image-2543\" alt=\"\" srcset=\"https:\/\/polygon-one.com\/wp-content\/uploads\/2025\/11\/waren-brasse-IzCUWUi_j8I-unsplash-1024x768.jpg 1024w, https:\/\/polygon-one.com\/wp-content\/uploads\/2025\/11\/waren-brasse-IzCUWUi_j8I-unsplash-300x225.jpg 300w, https:\/\/polygon-one.com\/wp-content\/uploads\/2025\/11\/waren-brasse-IzCUWUi_j8I-unsplash-768x576.jpg 768w, https:\/\/polygon-one.com\/wp-content\/uploads\/2025\/11\/waren-brasse-IzCUWUi_j8I-unsplash-1536x1152.jpg 1536w, https:\/\/polygon-one.com\/wp-content\/uploads\/2025\/11\/waren-brasse-IzCUWUi_j8I-unsplash-2048x1536.jpg 2048w\" sizes=\"(max-width: 800px) 100vw, 800px\" \/><\/div>\n\t\t<\/a>\n\t\t\t\t<div class=\"elementor-post__text\">\n\t\t\t\t<h3 class=\"elementor-post__title\">\n\t\t\t<a href=\"https:\/\/polygon-one.com\/de\/eudr-kommt-die-verschiebung\/\" >\n\t\t\t\tEUDR: Kommt die Verschiebung?\t\t\t<\/a>\n\t\t<\/h3>\n\t\t\t\t<div class=\"elementor-post__meta-data\">\n\t\t\t\t\t<span class=\"elementor-post-date\">\n\t\t\t3. November 2025\t\t<\/span>\n\t\t\t\t<\/div>\n\t\t\n\t\t<a class=\"elementor-post__read-more\" href=\"https:\/\/polygon-one.com\/de\/eudr-kommt-die-verschiebung\/\" aria-label=\"Mehr \u00fcber EUDR: Kommt die Verschiebung?\" tabindex=\"-1\" >\n\t\t\tZum Artikel \u00bb\t\t<\/a>\n\n\t\t\t\t<\/div>\n\t\t\t\t<\/article>\n\t\t\t\t<\/div>\n\t\t\n\t\t\t\t\t\t<\/div>\n\t\t\t\t<\/div>\n\t\t\t\t\t<\/div>\n\t\t\t\t<\/div>\n\t\t\t\t<\/div>\n\t\t","protected":false},"excerpt":{"rendered":"<p>Alles zur EUDR:<\/p>\n","protected":false},"author":1,"featured_media":0,"parent":0,"menu_order":0,"comment_status":"closed","ping_status":"closed","template":"","meta":{"_monsterinsights_skip_tracking":false,"_monsterinsights_sitenote_active":false,"_monsterinsights_sitenote_note":"","_monsterinsights_sitenote_category":0,"footnotes":""},"class_list":["post-3232","page","type-page","status-publish","hentry"],"yoast_head":"<!-- This site is optimized with the Yoast SEO plugin v27.3 - https:\/\/yoast.com\/product\/yoast-seo-wordpress\/ -->\n<title>EUDR Artikel - POLYGON ONE<\/title>\n<meta name=\"description\" content=\"Hier finden Sie lesenswerte Artikel rund um die Europ\u00e4ische Entwaldungsverordnung (EUDR).\" \/>\n<meta name=\"robots\" content=\"index, follow, max-snippet:-1, max-image-preview:large, max-video-preview:-1\" \/>\n<link rel=\"canonical\" href=\"https:\/\/polygon-one.com\/de\/eudr-blog-artikel\/\" \/>\n<meta property=\"og:locale\" content=\"de_DE\" \/>\n<meta property=\"og:type\" content=\"article\" \/>\n<meta property=\"og:title\" content=\"EUDR Artikel - POLYGON ONE\" \/>\n<meta property=\"og:description\" content=\"Hier finden Sie lesenswerte Artikel rund um die Europ\u00e4ische Entwaldungsverordnung (EUDR).\" \/>\n<meta property=\"og:url\" content=\"https:\/\/polygon-one.com\/de\/eudr-blog-artikel\/\" \/>\n<meta property=\"og:site_name\" content=\"POLYGON ONE\" \/>\n<meta property=\"article:modified_time\" content=\"2026-02-09T17:34:27+00:00\" \/>\n<meta name=\"twitter:card\" content=\"summary_large_image\" \/>\n<meta name=\"twitter:label1\" content=\"Gesch\u00e4tzte Lesezeit\" \/>\n\t<meta name=\"twitter:data1\" content=\"2\u00a0Minuten\" \/>\n<script type=\"application\/ld+json\" class=\"yoast-schema-graph\">{\"@context\":\"https:\\\/\\\/schema.org\",\"@graph\":[{\"@type\":\"WebPage\",\"@id\":\"https:\\\/\\\/polygon-one.com\\\/de\\\/eudr-blog-artikel\\\/\",\"url\":\"https:\\\/\\\/polygon-one.com\\\/de\\\/eudr-blog-artikel\\\/\",\"name\":\"EUDR Artikel - POLYGON ONE\",\"isPartOf\":{\"@id\":\"https:\\\/\\\/polygon-one.com\\\/de\\\/#website\"},\"datePublished\":\"2026-02-09T17:31:09+00:00\",\"dateModified\":\"2026-02-09T17:34:27+00:00\",\"description\":\"Hier finden Sie lesenswerte Artikel rund um die Europ\u00e4ische Entwaldungsverordnung (EUDR).\",\"breadcrumb\":{\"@id\":\"https:\\\/\\\/polygon-one.com\\\/de\\\/eudr-blog-artikel\\\/#breadcrumb\"},\"inLanguage\":\"de\",\"potentialAction\":[{\"@type\":\"ReadAction\",\"target\":[\"https:\\\/\\\/polygon-one.com\\\/de\\\/eudr-blog-artikel\\\/\"]}]},{\"@type\":\"BreadcrumbList\",\"@id\":\"https:\\\/\\\/polygon-one.com\\\/de\\\/eudr-blog-artikel\\\/#breadcrumb\",\"itemListElement\":[{\"@type\":\"ListItem\",\"position\":1,\"name\":\"Home\",\"item\":\"https:\\\/\\\/polygon-one.com\\\/de\\\/\"},{\"@type\":\"ListItem\",\"position\":2,\"name\":\"EUDR Artikel\"}]},{\"@type\":\"WebSite\",\"@id\":\"https:\\\/\\\/polygon-one.com\\\/de\\\/#website\",\"url\":\"https:\\\/\\\/polygon-one.com\\\/de\\\/\",\"name\":\"POLYGON ONE\",\"description\":\"EU DR Compliance\",\"publisher\":{\"@id\":\"https:\\\/\\\/polygon-one.com\\\/de\\\/#organization\"},\"potentialAction\":[{\"@type\":\"SearchAction\",\"target\":{\"@type\":\"EntryPoint\",\"urlTemplate\":\"https:\\\/\\\/polygon-one.com\\\/de\\\/?s={search_term_string}\"},\"query-input\":{\"@type\":\"PropertyValueSpecification\",\"valueRequired\":true,\"valueName\":\"search_term_string\"}}],\"inLanguage\":\"de\"},{\"@type\":\"Organization\",\"@id\":\"https:\\\/\\\/polygon-one.com\\\/de\\\/#organization\",\"name\":\"POLYGON ONE\",\"url\":\"https:\\\/\\\/polygon-one.com\\\/de\\\/\",\"logo\":{\"@type\":\"ImageObject\",\"inLanguage\":\"de\",\"@id\":\"https:\\\/\\\/polygon-one.com\\\/de\\\/#\\\/schema\\\/logo\\\/image\\\/\",\"url\":\"https:\\\/\\\/polygon-one.com\\\/wp-content\\\/uploads\\\/2025\\\/04\\\/POLYGON-CI-2-1.png\",\"contentUrl\":\"https:\\\/\\\/polygon-one.com\\\/wp-content\\\/uploads\\\/2025\\\/04\\\/POLYGON-CI-2-1.png\",\"width\":2160,\"height\":1215,\"caption\":\"POLYGON ONE\"},\"image\":{\"@id\":\"https:\\\/\\\/polygon-one.com\\\/de\\\/#\\\/schema\\\/logo\\\/image\\\/\"}}]}<\/script>\n<!-- \/ Yoast SEO plugin. -->","yoast_head_json":{"title":"EUDR Artikel - POLYGON ONE","description":"Hier finden Sie lesenswerte Artikel rund um die Europ\u00e4ische Entwaldungsverordnung (EUDR).","robots":{"index":"index","follow":"follow","max-snippet":"max-snippet:-1","max-image-preview":"max-image-preview:large","max-video-preview":"max-video-preview:-1"},"canonical":"https:\/\/polygon-one.com\/de\/eudr-blog-artikel\/","og_locale":"de_DE","og_type":"article","og_title":"EUDR Artikel - POLYGON ONE","og_description":"Hier finden Sie lesenswerte Artikel rund um die Europ\u00e4ische Entwaldungsverordnung (EUDR).","og_url":"https:\/\/polygon-one.com\/de\/eudr-blog-artikel\/","og_site_name":"POLYGON ONE","article_modified_time":"2026-02-09T17:34:27+00:00","twitter_card":"summary_large_image","twitter_misc":{"Gesch\u00e4tzte Lesezeit":"2\u00a0Minuten"},"schema":{"@context":"https:\/\/schema.org","@graph":[{"@type":"WebPage","@id":"https:\/\/polygon-one.com\/de\/eudr-blog-artikel\/","url":"https:\/\/polygon-one.com\/de\/eudr-blog-artikel\/","name":"EUDR Artikel - POLYGON ONE","isPartOf":{"@id":"https:\/\/polygon-one.com\/de\/#website"},"datePublished":"2026-02-09T17:31:09+00:00","dateModified":"2026-02-09T17:34:27+00:00","description":"Hier finden Sie lesenswerte Artikel rund um die Europ\u00e4ische Entwaldungsverordnung (EUDR).","breadcrumb":{"@id":"https:\/\/polygon-one.com\/de\/eudr-blog-artikel\/#breadcrumb"},"inLanguage":"de","potentialAction":[{"@type":"ReadAction","target":["https:\/\/polygon-one.com\/de\/eudr-blog-artikel\/"]}]},{"@type":"BreadcrumbList","@id":"https:\/\/polygon-one.com\/de\/eudr-blog-artikel\/#breadcrumb","itemListElement":[{"@type":"ListItem","position":1,"name":"Home","item":"https:\/\/polygon-one.com\/de\/"},{"@type":"ListItem","position":2,"name":"EUDR Artikel"}]},{"@type":"WebSite","@id":"https:\/\/polygon-one.com\/de\/#website","url":"https:\/\/polygon-one.com\/de\/","name":"POLYGON ONE","description":"EU DR Compliance","publisher":{"@id":"https:\/\/polygon-one.com\/de\/#organization"},"potentialAction":[{"@type":"SearchAction","target":{"@type":"EntryPoint","urlTemplate":"https:\/\/polygon-one.com\/de\/?s={search_term_string}"},"query-input":{"@type":"PropertyValueSpecification","valueRequired":true,"valueName":"search_term_string"}}],"inLanguage":"de"},{"@type":"Organization","@id":"https:\/\/polygon-one.com\/de\/#organization","name":"POLYGON ONE","url":"https:\/\/polygon-one.com\/de\/","logo":{"@type":"ImageObject","inLanguage":"de","@id":"https:\/\/polygon-one.com\/de\/#\/schema\/logo\/image\/","url":"https:\/\/polygon-one.com\/wp-content\/uploads\/2025\/04\/POLYGON-CI-2-1.png","contentUrl":"https:\/\/polygon-one.com\/wp-content\/uploads\/2025\/04\/POLYGON-CI-2-1.png","width":2160,"height":1215,"caption":"POLYGON ONE"},"image":{"@id":"https:\/\/polygon-one.com\/de\/#\/schema\/logo\/image\/"}}]}},"_links":{"self":[{"href":"https:\/\/polygon-one.com\/de\/wp-json\/wp\/v2\/pages\/3232","targetHints":{"allow":["GET"]}}],"collection":[{"href":"https:\/\/polygon-one.com\/de\/wp-json\/wp\/v2\/pages"}],"about":[{"href":"https:\/\/polygon-one.com\/de\/wp-json\/wp\/v2\/types\/page"}],"author":[{"embeddable":true,"href":"https:\/\/polygon-one.com\/de\/wp-json\/wp\/v2\/users\/1"}],"replies":[{"embeddable":true,"href":"https:\/\/polygon-one.com\/de\/wp-json\/wp\/v2\/comments?post=3232"}],"version-history":[{"count":7,"href":"https:\/\/polygon-one.com\/de\/wp-json\/wp\/v2\/pages\/3232\/revisions"}],"predecessor-version":[{"id":3241,"href":"https:\/\/polygon-one.com\/de\/wp-json\/wp\/v2\/pages\/3232\/revisions\/3241"}],"wp:attachment":[{"href":"https:\/\/polygon-one.com\/de\/wp-json\/wp\/v2\/media?parent=3232"}],"curies":[{"name":"wp","href":"https:\/\/api.w.org\/{rel}","templated":true}]}}