{"id":3007,"date":"2026-01-22T11:46:15","date_gmt":"2026-01-22T10:46:15","guid":{"rendered":"https:\/\/polygon-one.com\/?page_id=3007"},"modified":"2026-03-19T17:18:46","modified_gmt":"2026-03-19T16:18:46","slug":"impressum-2","status":"publish","type":"page","link":"https:\/\/polygon-one.com\/de\/impressum-2\/","title":{"rendered":"Impressum"},"content":{"rendered":"\t\t<div data-elementor-type=\"wp-page\" data-elementor-id=\"3007\" class=\"elementor elementor-3007\" data-elementor-post-type=\"page\">\n\t\t\t\t<div class=\"elementor-element elementor-element-56d431eb e-con-full e-flex e-con e-parent\" data-id=\"56d431eb\" data-element_type=\"container\" data-e-type=\"container\" data-settings=\"{&quot;background_background&quot;:&quot;gradient&quot;,&quot;background_motion_fx_motion_fx_scrolling&quot;:&quot;yes&quot;,&quot;background_motion_fx_translateX_effect&quot;:&quot;yes&quot;,&quot;background_motion_fx_translateX_speed&quot;:{&quot;unit&quot;:&quot;px&quot;,&quot;size&quot;:6.5,&quot;sizes&quot;:[]},&quot;background_motion_fx_translateX_affectedRange&quot;:{&quot;unit&quot;:&quot;%&quot;,&quot;size&quot;:&quot;&quot;,&quot;sizes&quot;:{&quot;start&quot;:0,&quot;end&quot;:100}},&quot;background_motion_fx_devices&quot;:[&quot;desktop&quot;,&quot;laptop&quot;,&quot;tablet&quot;,&quot;mobile&quot;]}\">\n\t\t<div class=\"elementor-element elementor-element-4415ed14 e-flex e-con-boxed e-con e-child\" data-id=\"4415ed14\" data-element_type=\"container\" data-e-type=\"container\">\n\t\t\t\t\t<div class=\"e-con-inner\">\n\t\t<div class=\"elementor-element elementor-element-1b2b8190 e-con-full e-flex e-con e-child\" data-id=\"1b2b8190\" data-element_type=\"container\" data-e-type=\"container\">\n\t\t\t\t<div class=\"elementor-element elementor-element-7e93d5b5 elementor-widget elementor-widget-heading\" data-id=\"7e93d5b5\" data-element_type=\"widget\" data-e-type=\"widget\" data-widget_type=\"heading.default\">\n\t\t\t\t<div class=\"elementor-widget-container\">\n\t\t\t\t\t<div class=\"elementor-heading-title elementor-size-default\">\ud83d\udcac<\/div>\t\t\t\t<\/div>\n\t\t\t\t<\/div>\n\t\t\t\t<div class=\"elementor-element elementor-element-1dfd5c5c elementor-widget elementor-widget-heading\" data-id=\"1dfd5c5c\" data-element_type=\"widget\" data-e-type=\"widget\" data-widget_type=\"heading.default\">\n\t\t\t\t<div class=\"elementor-widget-container\">\n\t\t\t\t\t<h2 class=\"elementor-heading-title elementor-size-default\">Impressum<\/h2>\t\t\t\t<\/div>\n\t\t\t\t<\/div>\n\t\t\t\t<\/div>\n\t\t\t\t<div class=\"elementor-element elementor-element-f22dbfe elementor-widget__width-initial elementor-invisible elementor-widget elementor-widget-text-editor\" data-id=\"f22dbfe\" data-element_type=\"widget\" data-e-type=\"widget\" data-settings=\"{&quot;_animation&quot;:&quot;fadeIn&quot;,&quot;_animation_delay&quot;:200}\" data-widget_type=\"text-editor.default\">\n\t\t\t\t<div class=\"elementor-widget-container\">\n\t\t\t\t\t\t\t\t\t<p data-start=\"189\" data-end=\"252\"><strong data-start=\"189\" data-end=\"208\">HRG Polygon One GmbH<\/strong><br data-start=\"208\" data-end=\"211\" \/>Kasernenstra\u00dfe 67<br data-start=\"231\" data-end=\"234\" \/>40213 D\u00fcsseldorf<br \/>Gesch\u00e4ftsf\u00fchrer: Alexander R\u00fctjes, Niklas Glienke, Yannik Hampe<\/p><p data-start=\"189\" data-end=\"252\">Kontakt: kontakt@polygon-one.eu<\/p><p data-start=\"450\" data-end=\"563\">Verantwortlich f\u00fcr den Inhalt nach \u00a7 55 Abs. 2 RStV:<br data-start=\"502\" data-end=\"505\" \/>Alexander R\u00fctjes, Niklas Glienke, Yannik Hampe<\/p>\t\t\t\t\t\t\t\t<\/div>\n\t\t\t\t<\/div>\n\t\t\t\t<div class=\"elementor-element elementor-element-75d8d51a elementor-mobile-align-center elementor-tablet-align-center elementor-align-center elementor-invisible elementor-widget elementor-widget-button\" data-id=\"75d8d51a\" data-element_type=\"widget\" data-e-type=\"widget\" data-settings=\"{&quot;_animation&quot;:&quot;fadeInUp&quot;,&quot;_animation_delay&quot;:240}\" data-widget_type=\"button.default\">\n\t\t\t\t<div class=\"elementor-widget-container\">\n\t\t\t\t\t\t\t\t\t<div class=\"elementor-button-wrapper\">\n\t\t\t\t\t<a class=\"elementor-button elementor-button-link elementor-size-sm\" href=\"http:\/\/polygon-one.com\">\n\t\t\t\t\t\t<span class=\"elementor-button-content-wrapper\">\n\t\t\t\t\t\t<span class=\"elementor-button-icon\">\n\t\t\t\t<i aria-hidden=\"true\" class=\"icon icon-arrow-right\"><\/i>\t\t\t<\/span>\n\t\t\t\t\t\t\t\t\t<span class=\"elementor-button-text\">Zur\u00fcck zur Startseite<\/span>\n\t\t\t\t\t<\/span>\n\t\t\t\t\t<\/a>\n\t\t\t\t<\/div>\n\t\t\t\t\t\t\t\t<\/div>\n\t\t\t\t<\/div>\n\t\t\t\t\t<\/div>\n\t\t\t\t<\/div>\n\t\t\t\t<\/div>\n\t\t\t\t<\/div>\n\t\t","protected":false},"excerpt":{"rendered":"<p>\ud83d\udcac Impressum HRG Polygon One GmbHKasernenstra\u00dfe 6740213 D\u00fcsseldorfGesch\u00e4ftsf\u00fchrer: Alexander R\u00fctjes, Niklas Glienke, Yannik Hampe Kontakt: kontakt@polygon-one.eu Verantwortlich f\u00fcr den Inhalt nach \u00a7 55 Abs. 2 RStV:Alexander R\u00fctjes, Niklas Glienke, Yannik Hampe Zur\u00fcck zur Startseite<\/p>\n","protected":false},"author":1,"featured_media":0,"parent":0,"menu_order":0,"comment_status":"closed","ping_status":"closed","template":"","meta":{"_monsterinsights_skip_tracking":false,"_monsterinsights_sitenote_active":false,"_monsterinsights_sitenote_note":"","_monsterinsights_sitenote_category":0,"footnotes":""},"class_list":["post-3007","page","type-page","status-publish","hentry"],"yoast_head":"<!-- This site is optimized with the Yoast SEO plugin v27.3 - https:\/\/yoast.com\/product\/yoast-seo-wordpress\/ -->\n<title>Impressum - POLYGON ONE<\/title>\n<meta name=\"robots\" content=\"index, follow, max-snippet:-1, max-image-preview:large, max-video-preview:-1\" \/>\n<link rel=\"canonical\" href=\"https:\/\/polygon-one.com\/de\/impressum-2\/\" \/>\n<meta property=\"og:locale\" content=\"de_DE\" \/>\n<meta property=\"og:type\" content=\"article\" \/>\n<meta property=\"og:title\" content=\"Impressum - POLYGON ONE\" \/>\n<meta property=\"og:description\" content=\"\ud83d\udcac Impressum HRG Polygon One GmbHKasernenstra\u00dfe 6740213 D\u00fcsseldorfGesch\u00e4ftsf\u00fchrer: Alexander R\u00fctjes, Niklas Glienke, Yannik Hampe Kontakt: kontakt@polygon-one.eu Verantwortlich f\u00fcr den Inhalt nach \u00a7 55 Abs. 2 RStV:Alexander R\u00fctjes, Niklas Glienke, Yannik Hampe Zur\u00fcck zur Startseite\" \/>\n<meta property=\"og:url\" content=\"https:\/\/polygon-one.com\/de\/impressum-2\/\" \/>\n<meta property=\"og:site_name\" content=\"POLYGON ONE\" \/>\n<meta property=\"article:modified_time\" content=\"2026-03-19T16:18:46+00:00\" \/>\n<meta name=\"twitter:card\" content=\"summary_large_image\" \/>\n<meta name=\"twitter:label1\" content=\"Gesch\u00e4tzte Lesezeit\" \/>\n\t<meta name=\"twitter:data1\" content=\"1\u00a0Minute\" \/>\n<script type=\"application\/ld+json\" class=\"yoast-schema-graph\">{\"@context\":\"https:\\\/\\\/schema.org\",\"@graph\":[{\"@type\":\"WebPage\",\"@id\":\"https:\\\/\\\/polygon-one.com\\\/de\\\/impressum-2\\\/\",\"url\":\"https:\\\/\\\/polygon-one.com\\\/de\\\/impressum-2\\\/\",\"name\":\"Impressum - POLYGON ONE\",\"isPartOf\":{\"@id\":\"https:\\\/\\\/polygon-one.com\\\/de\\\/#website\"},\"datePublished\":\"2026-01-22T10:46:15+00:00\",\"dateModified\":\"2026-03-19T16:18:46+00:00\",\"breadcrumb\":{\"@id\":\"https:\\\/\\\/polygon-one.com\\\/de\\\/impressum-2\\\/#breadcrumb\"},\"inLanguage\":\"de\",\"potentialAction\":[{\"@type\":\"ReadAction\",\"target\":[\"https:\\\/\\\/polygon-one.com\\\/de\\\/impressum-2\\\/\"]}]},{\"@type\":\"BreadcrumbList\",\"@id\":\"https:\\\/\\\/polygon-one.com\\\/de\\\/impressum-2\\\/#breadcrumb\",\"itemListElement\":[{\"@type\":\"ListItem\",\"position\":1,\"name\":\"Home\",\"item\":\"https:\\\/\\\/polygon-one.com\\\/de\\\/\"},{\"@type\":\"ListItem\",\"position\":2,\"name\":\"Impressum\"}]},{\"@type\":\"WebSite\",\"@id\":\"https:\\\/\\\/polygon-one.com\\\/de\\\/#website\",\"url\":\"https:\\\/\\\/polygon-one.com\\\/de\\\/\",\"name\":\"POLYGON ONE\",\"description\":\"EU DR Compliance\",\"publisher\":{\"@id\":\"https:\\\/\\\/polygon-one.com\\\/de\\\/#organization\"},\"potentialAction\":[{\"@type\":\"SearchAction\",\"target\":{\"@type\":\"EntryPoint\",\"urlTemplate\":\"https:\\\/\\\/polygon-one.com\\\/de\\\/?s={search_term_string}\"},\"query-input\":{\"@type\":\"PropertyValueSpecification\",\"valueRequired\":true,\"valueName\":\"search_term_string\"}}],\"inLanguage\":\"de\"},{\"@type\":\"Organization\",\"@id\":\"https:\\\/\\\/polygon-one.com\\\/de\\\/#organization\",\"name\":\"POLYGON ONE\",\"url\":\"https:\\\/\\\/polygon-one.com\\\/de\\\/\",\"logo\":{\"@type\":\"ImageObject\",\"inLanguage\":\"de\",\"@id\":\"https:\\\/\\\/polygon-one.com\\\/de\\\/#\\\/schema\\\/logo\\\/image\\\/\",\"url\":\"https:\\\/\\\/polygon-one.com\\\/wp-content\\\/uploads\\\/2025\\\/04\\\/POLYGON-CI-2-1.png\",\"contentUrl\":\"https:\\\/\\\/polygon-one.com\\\/wp-content\\\/uploads\\\/2025\\\/04\\\/POLYGON-CI-2-1.png\",\"width\":2160,\"height\":1215,\"caption\":\"POLYGON ONE\"},\"image\":{\"@id\":\"https:\\\/\\\/polygon-one.com\\\/de\\\/#\\\/schema\\\/logo\\\/image\\\/\"}}]}<\/script>\n<!-- \/ Yoast SEO plugin. -->","yoast_head_json":{"title":"Impressum - POLYGON ONE","robots":{"index":"index","follow":"follow","max-snippet":"max-snippet:-1","max-image-preview":"max-image-preview:large","max-video-preview":"max-video-preview:-1"},"canonical":"https:\/\/polygon-one.com\/de\/impressum-2\/","og_locale":"de_DE","og_type":"article","og_title":"Impressum - POLYGON ONE","og_description":"\ud83d\udcac Impressum HRG Polygon One GmbHKasernenstra\u00dfe 6740213 D\u00fcsseldorfGesch\u00e4ftsf\u00fchrer: Alexander R\u00fctjes, Niklas Glienke, Yannik Hampe Kontakt: kontakt@polygon-one.eu Verantwortlich f\u00fcr den Inhalt nach \u00a7 55 Abs. 2 RStV:Alexander R\u00fctjes, Niklas Glienke, Yannik Hampe Zur\u00fcck zur Startseite","og_url":"https:\/\/polygon-one.com\/de\/impressum-2\/","og_site_name":"POLYGON ONE","article_modified_time":"2026-03-19T16:18:46+00:00","twitter_card":"summary_large_image","twitter_misc":{"Gesch\u00e4tzte Lesezeit":"1\u00a0Minute"},"schema":{"@context":"https:\/\/schema.org","@graph":[{"@type":"WebPage","@id":"https:\/\/polygon-one.com\/de\/impressum-2\/","url":"https:\/\/polygon-one.com\/de\/impressum-2\/","name":"Impressum - POLYGON ONE","isPartOf":{"@id":"https:\/\/polygon-one.com\/de\/#website"},"datePublished":"2026-01-22T10:46:15+00:00","dateModified":"2026-03-19T16:18:46+00:00","breadcrumb":{"@id":"https:\/\/polygon-one.com\/de\/impressum-2\/#breadcrumb"},"inLanguage":"de","potentialAction":[{"@type":"ReadAction","target":["https:\/\/polygon-one.com\/de\/impressum-2\/"]}]},{"@type":"BreadcrumbList","@id":"https:\/\/polygon-one.com\/de\/impressum-2\/#breadcrumb","itemListElement":[{"@type":"ListItem","position":1,"name":"Home","item":"https:\/\/polygon-one.com\/de\/"},{"@type":"ListItem","position":2,"name":"Impressum"}]},{"@type":"WebSite","@id":"https:\/\/polygon-one.com\/de\/#website","url":"https:\/\/polygon-one.com\/de\/","name":"POLYGON ONE","description":"EU DR Compliance","publisher":{"@id":"https:\/\/polygon-one.com\/de\/#organization"},"potentialAction":[{"@type":"SearchAction","target":{"@type":"EntryPoint","urlTemplate":"https:\/\/polygon-one.com\/de\/?s={search_term_string}"},"query-input":{"@type":"PropertyValueSpecification","valueRequired":true,"valueName":"search_term_string"}}],"inLanguage":"de"},{"@type":"Organization","@id":"https:\/\/polygon-one.com\/de\/#organization","name":"POLYGON ONE","url":"https:\/\/polygon-one.com\/de\/","logo":{"@type":"ImageObject","inLanguage":"de","@id":"https:\/\/polygon-one.com\/de\/#\/schema\/logo\/image\/","url":"https:\/\/polygon-one.com\/wp-content\/uploads\/2025\/04\/POLYGON-CI-2-1.png","contentUrl":"https:\/\/polygon-one.com\/wp-content\/uploads\/2025\/04\/POLYGON-CI-2-1.png","width":2160,"height":1215,"caption":"POLYGON ONE"},"image":{"@id":"https:\/\/polygon-one.com\/de\/#\/schema\/logo\/image\/"}}]}},"_links":{"self":[{"href":"https:\/\/polygon-one.com\/de\/wp-json\/wp\/v2\/pages\/3007","targetHints":{"allow":["GET"]}}],"collection":[{"href":"https:\/\/polygon-one.com\/de\/wp-json\/wp\/v2\/pages"}],"about":[{"href":"https:\/\/polygon-one.com\/de\/wp-json\/wp\/v2\/types\/page"}],"author":[{"embeddable":true,"href":"https:\/\/polygon-one.com\/de\/wp-json\/wp\/v2\/users\/1"}],"replies":[{"embeddable":true,"href":"https:\/\/polygon-one.com\/de\/wp-json\/wp\/v2\/comments?post=3007"}],"version-history":[{"count":29,"href":"https:\/\/polygon-one.com\/de\/wp-json\/wp\/v2\/pages\/3007\/revisions"}],"predecessor-version":[{"id":3317,"href":"https:\/\/polygon-one.com\/de\/wp-json\/wp\/v2\/pages\/3007\/revisions\/3317"}],"wp:attachment":[{"href":"https:\/\/polygon-one.com\/de\/wp-json\/wp\/v2\/media?parent=3007"}],"curies":[{"name":"wp","href":"https:\/\/api.w.org\/{rel}","templated":true}]}}