{"id":1480,"date":"2025-04-25T11:10:46","date_gmt":"2025-04-25T10:10:46","guid":{"rendered":"https:\/\/polygon-one.com\/datenschutzrichtlinie\/"},"modified":"2025-04-28T11:05:18","modified_gmt":"2025-04-28T10:05:18","slug":"datenschutzrichtlinie","status":"publish","type":"page","link":"https:\/\/polygon-one.com\/de\/datenschutzrichtlinie\/","title":{"rendered":"Datenschutzrichtlinie"},"content":{"rendered":"\t\t<div data-elementor-type=\"wp-page\" data-elementor-id=\"1480\" class=\"elementor elementor-1480 elementor-654\" data-elementor-post-type=\"page\">\n\t\t\t\t<div class=\"elementor-element elementor-element-2e6ec8a6 e-con-full e-flex e-con e-parent\" data-id=\"2e6ec8a6\" data-element_type=\"container\" data-e-type=\"container\" data-settings=\"{&quot;background_background&quot;:&quot;gradient&quot;,&quot;background_motion_fx_motion_fx_scrolling&quot;:&quot;yes&quot;,&quot;background_motion_fx_translateX_effect&quot;:&quot;yes&quot;,&quot;background_motion_fx_translateX_speed&quot;:{&quot;unit&quot;:&quot;px&quot;,&quot;size&quot;:6.5,&quot;sizes&quot;:[]},&quot;background_motion_fx_translateX_affectedRange&quot;:{&quot;unit&quot;:&quot;%&quot;,&quot;size&quot;:&quot;&quot;,&quot;sizes&quot;:{&quot;start&quot;:0,&quot;end&quot;:100}},&quot;background_motion_fx_devices&quot;:[&quot;desktop&quot;,&quot;laptop&quot;,&quot;tablet&quot;,&quot;mobile&quot;]}\">\n\t\t<div class=\"elementor-element elementor-element-1db6ee4a e-flex e-con-boxed e-con e-child\" data-id=\"1db6ee4a\" data-element_type=\"container\" data-e-type=\"container\">\n\t\t\t\t\t<div class=\"e-con-inner\">\n\t\t<div class=\"elementor-element elementor-element-199fbb75 e-con-full e-flex e-con e-child\" data-id=\"199fbb75\" data-element_type=\"container\" data-e-type=\"container\">\n\t\t\t\t<div class=\"elementor-element elementor-element-18599275 elementor-widget elementor-widget-heading\" data-id=\"18599275\" data-element_type=\"widget\" data-e-type=\"widget\" data-widget_type=\"heading.default\">\n\t\t\t\t<div class=\"elementor-widget-container\">\n\t\t\t\t\t<div class=\"elementor-heading-title elementor-size-default\">\ud83d\udc69\u200d\ud83d\udcbb<\/div>\t\t\t\t<\/div>\n\t\t\t\t<\/div>\n\t\t\t\t<div class=\"elementor-element elementor-element-384f18fd elementor-widget elementor-widget-heading\" data-id=\"384f18fd\" data-element_type=\"widget\" data-e-type=\"widget\" data-widget_type=\"heading.default\">\n\t\t\t\t<div class=\"elementor-widget-container\">\n\t\t\t\t\t<h2 class=\"elementor-heading-title elementor-size-default\">Datenschutzrichtlinie<\/h2>\t\t\t\t<\/div>\n\t\t\t\t<\/div>\n\t\t\t\t<\/div>\n\t\t\t\t<div class=\"elementor-element elementor-element-4f87b715 elementor-widget__width-initial elementor-invisible elementor-widget elementor-widget-text-editor\" data-id=\"4f87b715\" data-element_type=\"widget\" data-e-type=\"widget\" data-settings=\"{&quot;_animation&quot;:&quot;fadeIn&quot;,&quot;_animation_delay&quot;:200}\" data-widget_type=\"text-editor.default\">\n\t\t\t\t<div class=\"elementor-widget-container\">\n\t\t\t\t\t\t\t\t\t<p>Datenschutzerkl\u00e4rung<br><br>1. Einleitung<br>Der Schutz Ihrer personenbezogenen Daten ist f\u00fcr uns ein Anliegen von h\u00f6chster Priorit\u00e4t. In dieser Datenschutzerkl\u00e4rung informieren wir Sie detailliert dar\u00fcber, wie wir personenbezogene Daten auf unserer Website erheben, verarbeiten und nutzen. <\/p><p>2. Verantwortliche Stelle<br>Polygon One GbR<br>Erkrather Stra\u00dfe 310<br>40231 D\u00fcsseldorf<br>Deutschland<\/p><p>E-Mail: info@polygon-one.de<\/p><p>3. Erhebung und Speicherung personenbezogener Daten<br>Server-Logfiles<br>Bei einem Besuch unserer Website werden automatisch Informationen erhoben und in sogenannten Server-Logfiles gespeichert. Diese Daten umfassen: <\/p><p>IP-Adresse<\/p><p>Datum und Uhrzeit der Anfrage<\/p><p>Browsertyp und Browserversion<\/p><p>Verwendetes Betriebssystem<\/p><p>Referrer-URL<\/p><p>Hostname des zugreifenden Rechners<\/p><p>Diese Daten dienen ausschlie\u00dflich der Gew\u00e4hrleistung eines st\u00f6rungsfreien Betriebs der Website und werden nicht mit anderen Datenquellen zusammengef\u00fchrt.<\/p><p>Kontaktaufnahme<br>Sollten Sie uns per E-Mail kontaktieren, werden wir Ihre Angaben zum Zwecke der Bearbeitung der Anfrage sowie f\u00fcr m\u00f6gliche Anschlussfragen speichern.<\/p><p>4. Verwendung von Cookies<br>Unsere Website verwendet sogenannte Cookies. Hierbei handelt es sich um kleine Textdateien, die auf Ihrem Endger\u00e4t gespeichert werden. Cookies dienen dazu, unser Angebot nutzerfreundlicher, effektiver und sicherer zu gestalten.  <\/p><p>Sie haben die M\u00f6glichkeit, Ihren Browser so zu konfigurieren, dass Sie \u00fcber das Setzen von Cookies informiert werden oder Cookies nur im Einzelfall zulassen. Bei einer Deaktivierung von Cookies kann die Funktionalit\u00e4t unserer Website eingeschr\u00e4nkt sein. <\/p><p>5. Zwecke der Datenverarbeitung und Rechtsgrundlagen<br>Die Verarbeitung Ihrer personenbezogenen Daten erfolgt auf Grundlage von:<\/p><p>Ihrer Einwilligung (Art. 6 Abs. 1 lit. a DSGVO),<\/p><p>der Erf\u00fcllung eines Vertrags oder vorvertraglicher Ma\u00dfnahmen (Art. 6 Abs. 1 lit. b DSGVO),<\/p><p>rechtlichen Verpflichtungen (Art. 6 Abs. 1 lit. c DSGVO),<\/p><p>unserem berechtigten Interesse (Art. 6 Abs. 1 lit. f DSGVO), insbesondere an der Sicherheit und Optimierung unseres Webauftritts.<\/p><p>6. Weitergabe von Daten<br>Eine \u00dcbermittlung Ihrer personenbezogenen Daten an Dritte findet nicht statt, es sei denn, dies ist gesetzlich gestattet oder Sie haben ausdr\u00fccklich eingewilligt.<\/p><p>7. Ihre Rechte<br>Sie haben das Recht:<\/p><p>Auskunft \u00fcber Ihre gespeicherten Daten zu erhalten (Art. 15 DSGVO),<\/p><p>unrichtige Daten berichtigen zu lassen (Art. 16 DSGVO),<\/p><p>Ihre Daten l\u00f6schen zu lassen (Art. 17 DSGVO),<\/p><p>die Verarbeitung einschr\u00e4nken zu lassen (Art. 18 DSGVO),<\/p><p>Daten\u00fcbertragbarkeit zu verlangen (Art. 20 DSGVO),<\/p><p>Widerspruch gegen die Verarbeitung einzulegen (Art. 21 DSGVO),<\/p><p>sich bei einer Aufsichtsbeh\u00f6rde zu beschweren (Art. 77 DSGVO).<\/p><p>8. \u00c4nderungen dieser Datenschutzerkl\u00e4rung<br>Wir behalten uns vor, diese Datenschutzerkl\u00e4rung anzupassen, um sie an aktuelle rechtliche Anforderungen oder \u00c4nderungen unserer Leistungen anzugleichen. F\u00fcr Ihren erneuten Besuch gilt dann die neue Datenschutzerkl\u00e4rung. <\/p><p>9. Kontakt zum Datenschutz<br>Bei Fragen zum Datenschutz wenden Sie sich bitte an:<\/p><p>Polygon One GbR<br>Erkrather Stra\u00dfe 310<br>40231 D\u00fcsseldorf<br>E-Mail: info@polygon-one.de<\/p>\t\t\t\t\t\t\t\t<\/div>\n\t\t\t\t<\/div>\n\t\t\t\t<div class=\"elementor-element elementor-element-6cb6ea18 elementor-mobile-align-center elementor-tablet-align-center elementor-align-center elementor-invisible elementor-widget elementor-widget-button\" data-id=\"6cb6ea18\" data-element_type=\"widget\" data-e-type=\"widget\" data-settings=\"{&quot;_animation&quot;:&quot;fadeInUp&quot;,&quot;_animation_delay&quot;:240}\" data-widget_type=\"button.default\">\n\t\t\t\t<div class=\"elementor-widget-container\">\n\t\t\t\t\t\t\t\t\t<div class=\"elementor-button-wrapper\">\n\t\t\t\t\t<a class=\"elementor-button elementor-button-link elementor-size-sm\" href=\"https:\/\/polygon-one.com\/de\/\">\n\t\t\t\t\t\t<span class=\"elementor-button-content-wrapper\">\n\t\t\t\t\t\t<span class=\"elementor-button-icon\">\n\t\t\t\t<i aria-hidden=\"true\" class=\"icon icon-arrow-right\"><\/i>\t\t\t<\/span>\n\t\t\t\t\t\t\t\t\t<span class=\"elementor-button-text\">Zur\u00fcck zur Startseite<\/span>\n\t\t\t\t\t<\/span>\n\t\t\t\t\t<\/a>\n\t\t\t\t<\/div>\n\t\t\t\t\t\t\t\t<\/div>\n\t\t\t\t<\/div>\n\t\t\t\t\t<\/div>\n\t\t\t\t<\/div>\n\t\t\t\t<\/div>\n\t\t\t\t<\/div>\n\t\t","protected":false},"excerpt":{"rendered":"<p>\ud83d\udc69\u200d\ud83d\udcbb Datenschutzrichtlinie Datenschutzerkl\u00e4rung 1. EinleitungDer Schutz Ihrer personenbezogenen Daten ist f\u00fcr uns ein Anliegen von h\u00f6chster Priorit\u00e4t. In dieser Datenschutzerkl\u00e4rung informieren wir Sie detailliert dar\u00fcber, wie wir personenbezogene Daten auf unserer Website erheben, verarbeiten und nutzen. 2. Verantwortliche StellePolygon One GbRErkrather Stra\u00dfe 31040231 D\u00fcsseldorfDeutschland E-Mail: info@polygon-one.de 3. Erhebung und Speicherung personenbezogener DatenServer-LogfilesBei einem Besuch unserer [&hellip;]<\/p>\n","protected":false},"author":1,"featured_media":0,"parent":0,"menu_order":0,"comment_status":"closed","ping_status":"closed","template":"elementor_header_footer","meta":{"_monsterinsights_skip_tracking":false,"_monsterinsights_sitenote_active":false,"_monsterinsights_sitenote_note":"","_monsterinsights_sitenote_category":0,"footnotes":""},"class_list":["post-1480","page","type-page","status-publish","hentry"],"yoast_head":"<!-- This site is optimized with the Yoast SEO plugin v27.3 - https:\/\/yoast.com\/product\/yoast-seo-wordpress\/ -->\n<title>Datenschutzrichtlinie - POLYGON ONE<\/title>\n<meta name=\"robots\" content=\"index, follow, max-snippet:-1, max-image-preview:large, max-video-preview:-1\" \/>\n<link rel=\"canonical\" href=\"https:\/\/polygon-one.com\/de\/datenschutzrichtlinie\/\" \/>\n<meta property=\"og:locale\" content=\"de_DE\" \/>\n<meta property=\"og:type\" content=\"article\" \/>\n<meta property=\"og:title\" content=\"Datenschutzrichtlinie - POLYGON ONE\" \/>\n<meta property=\"og:description\" content=\"\ud83d\udc69\u200d\ud83d\udcbb Datenschutzrichtlinie Datenschutzerkl\u00e4rung 1. EinleitungDer Schutz Ihrer personenbezogenen Daten ist f\u00fcr uns ein Anliegen von h\u00f6chster Priorit\u00e4t. In dieser Datenschutzerkl\u00e4rung informieren wir Sie detailliert dar\u00fcber, wie wir personenbezogene Daten auf unserer Website erheben, verarbeiten und nutzen. 2. Verantwortliche StellePolygon One GbRErkrather Stra\u00dfe 31040231 D\u00fcsseldorfDeutschland E-Mail: info@polygon-one.de 3. Erhebung und Speicherung personenbezogener DatenServer-LogfilesBei einem Besuch unserer [&hellip;]\" \/>\n<meta property=\"og:url\" content=\"https:\/\/polygon-one.com\/de\/datenschutzrichtlinie\/\" \/>\n<meta property=\"og:site_name\" content=\"POLYGON ONE\" \/>\n<meta property=\"article:modified_time\" content=\"2025-04-28T10:05:18+00:00\" \/>\n<meta name=\"twitter:card\" content=\"summary_large_image\" \/>\n<meta name=\"twitter:label1\" content=\"Gesch\u00e4tzte Lesezeit\" \/>\n\t<meta name=\"twitter:data1\" content=\"2\u00a0Minuten\" \/>\n<script type=\"application\/ld+json\" class=\"yoast-schema-graph\">{\"@context\":\"https:\\\/\\\/schema.org\",\"@graph\":[{\"@type\":\"WebPage\",\"@id\":\"https:\\\/\\\/polygon-one.com\\\/de\\\/datenschutzrichtlinie\\\/\",\"url\":\"https:\\\/\\\/polygon-one.com\\\/de\\\/datenschutzrichtlinie\\\/\",\"name\":\"Datenschutzrichtlinie - POLYGON ONE\",\"isPartOf\":{\"@id\":\"https:\\\/\\\/polygon-one.com\\\/de\\\/#website\"},\"datePublished\":\"2025-04-25T10:10:46+00:00\",\"dateModified\":\"2025-04-28T10:05:18+00:00\",\"breadcrumb\":{\"@id\":\"https:\\\/\\\/polygon-one.com\\\/de\\\/datenschutzrichtlinie\\\/#breadcrumb\"},\"inLanguage\":\"de\",\"potentialAction\":[{\"@type\":\"ReadAction\",\"target\":[\"https:\\\/\\\/polygon-one.com\\\/de\\\/datenschutzrichtlinie\\\/\"]}]},{\"@type\":\"BreadcrumbList\",\"@id\":\"https:\\\/\\\/polygon-one.com\\\/de\\\/datenschutzrichtlinie\\\/#breadcrumb\",\"itemListElement\":[{\"@type\":\"ListItem\",\"position\":1,\"name\":\"Home\",\"item\":\"https:\\\/\\\/polygon-one.com\\\/de\\\/\"},{\"@type\":\"ListItem\",\"position\":2,\"name\":\"Datenschutzrichtlinie\"}]},{\"@type\":\"WebSite\",\"@id\":\"https:\\\/\\\/polygon-one.com\\\/de\\\/#website\",\"url\":\"https:\\\/\\\/polygon-one.com\\\/de\\\/\",\"name\":\"POLYGON ONE\",\"description\":\"EU DR Compliance\",\"publisher\":{\"@id\":\"https:\\\/\\\/polygon-one.com\\\/de\\\/#organization\"},\"potentialAction\":[{\"@type\":\"SearchAction\",\"target\":{\"@type\":\"EntryPoint\",\"urlTemplate\":\"https:\\\/\\\/polygon-one.com\\\/de\\\/?s={search_term_string}\"},\"query-input\":{\"@type\":\"PropertyValueSpecification\",\"valueRequired\":true,\"valueName\":\"search_term_string\"}}],\"inLanguage\":\"de\"},{\"@type\":\"Organization\",\"@id\":\"https:\\\/\\\/polygon-one.com\\\/de\\\/#organization\",\"name\":\"POLYGON ONE\",\"url\":\"https:\\\/\\\/polygon-one.com\\\/de\\\/\",\"logo\":{\"@type\":\"ImageObject\",\"inLanguage\":\"de\",\"@id\":\"https:\\\/\\\/polygon-one.com\\\/de\\\/#\\\/schema\\\/logo\\\/image\\\/\",\"url\":\"https:\\\/\\\/polygon-one.com\\\/wp-content\\\/uploads\\\/2025\\\/04\\\/POLYGON-CI-2-1.png\",\"contentUrl\":\"https:\\\/\\\/polygon-one.com\\\/wp-content\\\/uploads\\\/2025\\\/04\\\/POLYGON-CI-2-1.png\",\"width\":2160,\"height\":1215,\"caption\":\"POLYGON ONE\"},\"image\":{\"@id\":\"https:\\\/\\\/polygon-one.com\\\/de\\\/#\\\/schema\\\/logo\\\/image\\\/\"}}]}<\/script>\n<!-- \/ Yoast SEO plugin. -->","yoast_head_json":{"title":"Datenschutzrichtlinie - POLYGON ONE","robots":{"index":"index","follow":"follow","max-snippet":"max-snippet:-1","max-image-preview":"max-image-preview:large","max-video-preview":"max-video-preview:-1"},"canonical":"https:\/\/polygon-one.com\/de\/datenschutzrichtlinie\/","og_locale":"de_DE","og_type":"article","og_title":"Datenschutzrichtlinie - POLYGON ONE","og_description":"\ud83d\udc69\u200d\ud83d\udcbb Datenschutzrichtlinie Datenschutzerkl\u00e4rung 1. EinleitungDer Schutz Ihrer personenbezogenen Daten ist f\u00fcr uns ein Anliegen von h\u00f6chster Priorit\u00e4t. In dieser Datenschutzerkl\u00e4rung informieren wir Sie detailliert dar\u00fcber, wie wir personenbezogene Daten auf unserer Website erheben, verarbeiten und nutzen. 2. Verantwortliche StellePolygon One GbRErkrather Stra\u00dfe 31040231 D\u00fcsseldorfDeutschland E-Mail: info@polygon-one.de 3. Erhebung und Speicherung personenbezogener DatenServer-LogfilesBei einem Besuch unserer [&hellip;]","og_url":"https:\/\/polygon-one.com\/de\/datenschutzrichtlinie\/","og_site_name":"POLYGON ONE","article_modified_time":"2025-04-28T10:05:18+00:00","twitter_card":"summary_large_image","twitter_misc":{"Gesch\u00e4tzte Lesezeit":"2\u00a0Minuten"},"schema":{"@context":"https:\/\/schema.org","@graph":[{"@type":"WebPage","@id":"https:\/\/polygon-one.com\/de\/datenschutzrichtlinie\/","url":"https:\/\/polygon-one.com\/de\/datenschutzrichtlinie\/","name":"Datenschutzrichtlinie - POLYGON ONE","isPartOf":{"@id":"https:\/\/polygon-one.com\/de\/#website"},"datePublished":"2025-04-25T10:10:46+00:00","dateModified":"2025-04-28T10:05:18+00:00","breadcrumb":{"@id":"https:\/\/polygon-one.com\/de\/datenschutzrichtlinie\/#breadcrumb"},"inLanguage":"de","potentialAction":[{"@type":"ReadAction","target":["https:\/\/polygon-one.com\/de\/datenschutzrichtlinie\/"]}]},{"@type":"BreadcrumbList","@id":"https:\/\/polygon-one.com\/de\/datenschutzrichtlinie\/#breadcrumb","itemListElement":[{"@type":"ListItem","position":1,"name":"Home","item":"https:\/\/polygon-one.com\/de\/"},{"@type":"ListItem","position":2,"name":"Datenschutzrichtlinie"}]},{"@type":"WebSite","@id":"https:\/\/polygon-one.com\/de\/#website","url":"https:\/\/polygon-one.com\/de\/","name":"POLYGON ONE","description":"EU DR Compliance","publisher":{"@id":"https:\/\/polygon-one.com\/de\/#organization"},"potentialAction":[{"@type":"SearchAction","target":{"@type":"EntryPoint","urlTemplate":"https:\/\/polygon-one.com\/de\/?s={search_term_string}"},"query-input":{"@type":"PropertyValueSpecification","valueRequired":true,"valueName":"search_term_string"}}],"inLanguage":"de"},{"@type":"Organization","@id":"https:\/\/polygon-one.com\/de\/#organization","name":"POLYGON ONE","url":"https:\/\/polygon-one.com\/de\/","logo":{"@type":"ImageObject","inLanguage":"de","@id":"https:\/\/polygon-one.com\/de\/#\/schema\/logo\/image\/","url":"https:\/\/polygon-one.com\/wp-content\/uploads\/2025\/04\/POLYGON-CI-2-1.png","contentUrl":"https:\/\/polygon-one.com\/wp-content\/uploads\/2025\/04\/POLYGON-CI-2-1.png","width":2160,"height":1215,"caption":"POLYGON ONE"},"image":{"@id":"https:\/\/polygon-one.com\/de\/#\/schema\/logo\/image\/"}}]}},"_links":{"self":[{"href":"https:\/\/polygon-one.com\/de\/wp-json\/wp\/v2\/pages\/1480","targetHints":{"allow":["GET"]}}],"collection":[{"href":"https:\/\/polygon-one.com\/de\/wp-json\/wp\/v2\/pages"}],"about":[{"href":"https:\/\/polygon-one.com\/de\/wp-json\/wp\/v2\/types\/page"}],"author":[{"embeddable":true,"href":"https:\/\/polygon-one.com\/de\/wp-json\/wp\/v2\/users\/1"}],"replies":[{"embeddable":true,"href":"https:\/\/polygon-one.com\/de\/wp-json\/wp\/v2\/comments?post=1480"}],"version-history":[{"count":1,"href":"https:\/\/polygon-one.com\/de\/wp-json\/wp\/v2\/pages\/1480\/revisions"}],"predecessor-version":[{"id":1481,"href":"https:\/\/polygon-one.com\/de\/wp-json\/wp\/v2\/pages\/1480\/revisions\/1481"}],"wp:attachment":[{"href":"https:\/\/polygon-one.com\/de\/wp-json\/wp\/v2\/media?parent=1480"}],"curies":[{"name":"wp","href":"https:\/\/api.w.org\/{rel}","templated":true}]}}